{"id":13147,"date":"2022-10-09T18:36:08","date_gmt":"2022-10-09T18:36:08","guid":{"rendered":"https:\/\/lisylisyart.com\/?post_type=product&#038;p=13147"},"modified":"2025-11-26T23:22:21","modified_gmt":"2025-11-26T23:22:21","slug":"premium-custom-portrait","status":"publish","type":"product","link":"https:\/\/lisylisyart.com\/fr\/produit\/premium-custom-portrait\/","title":{"rendered":"Portrait personnalis\u00e9 100% unique"},"content":{"rendered":"","protected":false},"excerpt":{"rendered":"<p><a href=\"https:\/\/lisylisyart.com\/fr\/shipping-returns\/\"><u>Les frais d'exp\u00e9dition<\/u><\/a> <span lang=\"EN-US\">et les taxes seront calcul\u00e9s lors du processus de paiement<\/span><span lang=\"EN-US\">. Livraison gratuite au Canada.<\/span><\/p>\n<p>Veuillez remplir les informations au sujet du portrait. En finalisant la commande, vous serez invit\u00e9 \u00e0 t\u00e9l\u00e9verser votre photo. <strong>upload the photo<\/strong>.<\/p>\n<p>Pour plus de 3 personnes sur la photo, merci de me contacter au pr\u00e9alable. Les animaux de compagnie sont compt\u00e9s comme une \u201cpersonne\u201d<\/p>","protected":false},"featured_media":12167,"comment_status":"open","ping_status":"closed","template":"","meta":[],"product_cat":[113],"product_tag":[],"_links":{"self":[{"href":"https:\/\/lisylisyart.com\/fr\/wp-json\/wp\/v2\/product\/13147"}],"collection":[{"href":"https:\/\/lisylisyart.com\/fr\/wp-json\/wp\/v2\/product"}],"about":[{"href":"https:\/\/lisylisyart.com\/fr\/wp-json\/wp\/v2\/types\/product"}],"replies":[{"embeddable":true,"href":"https:\/\/lisylisyart.com\/fr\/wp-json\/wp\/v2\/comments?post=13147"}],"wp:featuredmedia":[{"embeddable":true,"href":"https:\/\/lisylisyart.com\/fr\/wp-json\/wp\/v2\/media\/12167"}],"wp:attachment":[{"href":"https:\/\/lisylisyart.com\/fr\/wp-json\/wp\/v2\/media?parent=13147"}],"wp:term":[{"taxonomy":"product_cat","embeddable":true,"href":"https:\/\/lisylisyart.com\/fr\/wp-json\/wp\/v2\/product_cat?post=13147"},{"taxonomy":"product_tag","embeddable":true,"href":"https:\/\/lisylisyart.com\/fr\/wp-json\/wp\/v2\/product_tag?post=13147"}],"curies":[{"name":"wp","href":"https:\/\/api.w.org\/{rel}","templated":true}]}}