{"id":6806,"date":"2020-12-29T03:15:20","date_gmt":"2020-12-29T03:15:20","guid":{"rendered":"https:\/\/demo4.drfuri.com\/razzi\/?page_id=6806"},"modified":"2022-03-16T02:12:42","modified_gmt":"2022-03-16T02:12:42","slug":"photo-guide","status":"publish","type":"page","link":"https:\/\/lisylisyart.com\/fr\/photo-guide\/","title":{"rendered":"Guide photos"},"content":{"rendered":"<div data-elementor-type=\"wp-page\" data-elementor-id=\"6806\" class=\"elementor elementor-6806\">\n\t\t\t\t\t\t\t\t\t<section class=\"elementor-section elementor-top-section elementor-element elementor-element-e842276 elementor-section-boxed elementor-section-height-default elementor-section-height-default\" data-id=\"e842276\" data-element_type=\"section\">\n\t\t\t\t\t\t<div class=\"elementor-container elementor-column-gap-extended\">\n\t\t\t\t\t<div class=\"elementor-column elementor-col-33 elementor-top-column elementor-element elementor-element-1a9aee3\" data-id=\"1a9aee3\" data-element_type=\"column\">\n\t\t\t<div class=\"elementor-widget-wrap\">\n\t\t\t\t\t\t\t\t\t<\/div>\n\t\t<\/div>\n\t\t\t\t<div class=\"elementor-column elementor-col-33 elementor-top-column elementor-element elementor-element-85a3ace\" data-id=\"85a3ace\" data-element_type=\"column\" data-settings=\"{&quot;background_background&quot;:&quot;classic&quot;}\">\n\t\t\t<div class=\"elementor-widget-wrap elementor-element-populated\">\n\t\t\t\t\t\t\t\t<div class=\"elementor-element elementor-element-56d7199 elementor-widget elementor-widget-text-editor\" data-id=\"56d7199\" data-element_type=\"widget\" data-widget_type=\"text-editor.default\">\n\t\t\t\t<div class=\"elementor-widget-container\">\n\t\t\t<style>\/*! elementor - v3.13.2 - 11-05-2023 *\/\n.elementor-widget-text-editor.elementor-drop-cap-view-stacked .elementor-drop-cap{background-color:#69727d;color:#fff}.elementor-widget-text-editor.elementor-drop-cap-view-framed .elementor-drop-cap{color:#69727d;border:3px solid;background-color:transparent}.elementor-widget-text-editor:not(.elementor-drop-cap-view-default) .elementor-drop-cap{margin-top:8px}.elementor-widget-text-editor:not(.elementor-drop-cap-view-default) .elementor-drop-cap-letter{width:1em;height:1em}.elementor-widget-text-editor .elementor-drop-cap{float:left;text-align:center;line-height:1;font-size:50px}.elementor-widget-text-editor .elementor-drop-cap-letter{display:inline-block}<\/style>\t\t\t\t<p>Un bon portrait commence par une bonne photo. Prenez un moment pour passer en revue ces directives pour vous aider \u00e0 choisir la meilleure photo pour votre portrait. Si vous avez besoin de conseils, \u00e9crivez-moi \u00e0 <strong>support@lisylisyart.com<\/strong> et je vous aiderai \u00e0 choisir la meilleure photo.<\/p>\t\t\t\t\t\t<\/div>\n\t\t\t\t<\/div>\n\t\t\t\t<div class=\"elementor-element elementor-element-577640c elementor-widget elementor-widget-heading\" data-id=\"577640c\" data-element_type=\"widget\" data-widget_type=\"heading.default\">\n\t\t\t\t<div class=\"elementor-widget-container\">\n\t\t\t<style>\/*! elementor - v3.13.2 - 11-05-2023 *\/\n.elementor-heading-title{padding:0;margin:0;line-height:1}.elementor-widget-heading .elementor-heading-title[class*=elementor-size-]>a{color:inherit;font-size:inherit;line-height:inherit}.elementor-widget-heading .elementor-heading-title.elementor-size-small{font-size:15px}.elementor-widget-heading .elementor-heading-title.elementor-size-medium{font-size:19px}.elementor-widget-heading .elementor-heading-title.elementor-size-large{font-size:29px}.elementor-widget-heading .elementor-heading-title.elementor-size-xl{font-size:39px}.elementor-widget-heading .elementor-heading-title.elementor-size-xxl{font-size:59px}<\/style><h4 class=\"elementor-heading-title elementor-size-default\">1. \u00c9CLAIRAGE<\/h4>\t\t<\/div>\n\t\t\t\t<\/div>\n\t\t\t\t<div class=\"elementor-element elementor-element-0747976 elementor-widget elementor-widget-text-editor\" data-id=\"0747976\" data-element_type=\"widget\" data-widget_type=\"text-editor.default\">\n\t\t\t\t<div class=\"elementor-widget-container\">\n\t\t\t\t\t\t\t<p>\u00c9vitez les photos fortement filtr\u00e9es, de mauvaise qualit\u00e9 et qui ne montrent pas le vrai teint de la peau, la couleur des yeux, la couleur des cheveux et l'essence du sujet. Choisissez une photo bien \u00e9clair\u00e9e avec un \u00e9clairage naturel et peu ou pas de filtre.<\/p>\t\t\t\t\t\t<\/div>\n\t\t\t\t<\/div>\n\t\t\t\t<div class=\"elementor-element elementor-element-5634d07 razzi-image-box-position--top elementor-widget elementor-widget-razzi-image-box\" data-id=\"5634d07\" data-element_type=\"widget\" data-widget_type=\"razzi-image-box.default\">\n\t\t\t\t<div class=\"elementor-widget-container\">\n\t\t\t<div class=\"razzi-image-box  razzi-image-box__icon-position--left\"> <div class=\"box-thumbnail\"><div class=\"box-zoom\"><img width=\"640\" height=\"537\" src=\"https:\/\/lisylisyart.com\/wp-content\/uploads\/2022\/03\/1.-Lighting-1024x859.png\" class=\"attachment-large size-large wp-image-12067\" alt=\"\" decoding=\"async\" loading=\"lazy\" srcset=\"https:\/\/lisylisyart.com\/wp-content\/uploads\/2022\/03\/1.-Lighting-1024x859.png 1024w, https:\/\/lisylisyart.com\/wp-content\/uploads\/2022\/03\/1.-Lighting-300x252.png 300w, https:\/\/lisylisyart.com\/wp-content\/uploads\/2022\/03\/1.-Lighting-768x644.png 768w, https:\/\/lisylisyart.com\/wp-content\/uploads\/2022\/03\/1.-Lighting-1536x1289.png 1536w, https:\/\/lisylisyart.com\/wp-content\/uploads\/2022\/03\/1.-Lighting-2048x1718.png 2048w, https:\/\/lisylisyart.com\/wp-content\/uploads\/2022\/03\/1.-Lighting-670x562.png 670w\" sizes=\"(max-width: 640px) 100vw, 640px\" \/><\/div> <\/div>  <\/div>\t\t<\/div>\n\t\t\t\t<\/div>\n\t\t\t\t<div class=\"elementor-element elementor-element-a97974e elementor-widget elementor-widget-spacer\" data-id=\"a97974e\" data-element_type=\"widget\" data-widget_type=\"spacer.default\">\n\t\t\t\t<div class=\"elementor-widget-container\">\n\t\t\t<style>\/*! elementor - v3.13.2 - 11-05-2023 *\/\n.elementor-column .elementor-spacer-inner{height:var(--spacer-size)}.e-con{--container-widget-width:100%}.e-con-inner>.elementor-widget-spacer,.e-con>.elementor-widget-spacer{width:var(--container-widget-width,var(--spacer-size));--align-self:var(--container-widget-align-self,initial);--flex-shrink:0}.e-con-inner>.elementor-widget-spacer>.elementor-widget-container,.e-con-inner>.elementor-widget-spacer>.elementor-widget-container>.elementor-spacer,.e-con>.elementor-widget-spacer>.elementor-widget-container,.e-con>.elementor-widget-spacer>.elementor-widget-container>.elementor-spacer{height:100%}.e-con-inner>.elementor-widget-spacer>.elementor-widget-container>.elementor-spacer>.elementor-spacer-inner,.e-con>.elementor-widget-spacer>.elementor-widget-container>.elementor-spacer>.elementor-spacer-inner{height:var(--container-widget-height,var(--spacer-size))}<\/style>\t\t<div class=\"elementor-spacer\">\n\t\t\t<div class=\"elementor-spacer-inner\"><\/div>\n\t\t<\/div>\n\t\t\t\t<\/div>\n\t\t\t\t<\/div>\n\t\t\t\t<div class=\"elementor-element elementor-element-cfae700 elementor-widget elementor-widget-heading\" data-id=\"cfae700\" data-element_type=\"widget\" data-widget_type=\"heading.default\">\n\t\t\t\t<div class=\"elementor-widget-container\">\n\t\t\t<h4 class=\"elementor-heading-title elementor-size-default\">2. RECADRAGE<\/h4>\t\t<\/div>\n\t\t\t\t<\/div>\n\t\t\t\t<div class=\"elementor-element elementor-element-884a8b7 elementor-widget elementor-widget-text-editor\" data-id=\"884a8b7\" data-element_type=\"widget\" data-widget_type=\"text-editor.default\">\n\t\t\t\t<div class=\"elementor-widget-container\">\n\t\t\t\t\t\t\t<p>Assurez-vous de s\u00e9lectionner une photo qui montre tous les traits du visage ou la plupart des traits du corps (rien n'est coup\u00e9 ou cach\u00e9). Sinon, je pourrai prendre la libert\u00e9 de compl\u00e9ter la partie supprim\u00e9e.<\/p>\t\t\t\t\t\t<\/div>\n\t\t\t\t<\/div>\n\t\t\t\t<div class=\"elementor-element elementor-element-6261666 razzi-image-box-position--top elementor-widget elementor-widget-razzi-image-box\" data-id=\"6261666\" data-element_type=\"widget\" data-widget_type=\"razzi-image-box.default\">\n\t\t\t\t<div class=\"elementor-widget-container\">\n\t\t\t<div class=\"razzi-image-box  razzi-image-box__icon-position--left\"> <div class=\"box-thumbnail\"><div class=\"box-zoom\"><img width=\"640\" height=\"537\" src=\"https:\/\/lisylisyart.com\/wp-content\/uploads\/2022\/03\/2.-Cropping-1024x859.png\" class=\"attachment-large size-large wp-image-12068\" alt=\"\" decoding=\"async\" loading=\"lazy\" srcset=\"https:\/\/lisylisyart.com\/wp-content\/uploads\/2022\/03\/2.-Cropping-1024x859.png 1024w, https:\/\/lisylisyart.com\/wp-content\/uploads\/2022\/03\/2.-Cropping-300x252.png 300w, https:\/\/lisylisyart.com\/wp-content\/uploads\/2022\/03\/2.-Cropping-768x644.png 768w, https:\/\/lisylisyart.com\/wp-content\/uploads\/2022\/03\/2.-Cropping-1536x1288.png 1536w, https:\/\/lisylisyart.com\/wp-content\/uploads\/2022\/03\/2.-Cropping-2048x1718.png 2048w, https:\/\/lisylisyart.com\/wp-content\/uploads\/2022\/03\/2.-Cropping-670x562.png 670w\" sizes=\"(max-width: 640px) 100vw, 640px\" \/><\/div> <\/div>  <\/div>\t\t<\/div>\n\t\t\t\t<\/div>\n\t\t\t\t<div class=\"elementor-element elementor-element-f242515 elementor-widget elementor-widget-spacer\" data-id=\"f242515\" data-element_type=\"widget\" data-widget_type=\"spacer.default\">\n\t\t\t\t<div class=\"elementor-widget-container\">\n\t\t\t\t\t<div class=\"elementor-spacer\">\n\t\t\t<div class=\"elementor-spacer-inner\"><\/div>\n\t\t<\/div>\n\t\t\t\t<\/div>\n\t\t\t\t<\/div>\n\t\t\t\t<div class=\"elementor-element elementor-element-0f71316 elementor-widget elementor-widget-heading\" data-id=\"0f71316\" data-element_type=\"widget\" data-widget_type=\"heading.default\">\n\t\t\t\t<div class=\"elementor-widget-container\">\n\t\t\t<h4 class=\"elementor-heading-title elementor-size-default\">3. POSITION DU SUJET<\/h4>\t\t<\/div>\n\t\t\t\t<\/div>\n\t\t\t\t<div class=\"elementor-element elementor-element-4992509 elementor-widget elementor-widget-text-editor\" data-id=\"4992509\" data-element_type=\"widget\" data-widget_type=\"text-editor.default\">\n\t\t\t\t<div class=\"elementor-widget-container\">\n\t\t\t\t\t\t\t<p>Choisissez des photos qui montrent l'angle et la position appropri\u00e9s des personnes ou des \u00e9l\u00e9ments dans le cadre de l'appareil photo.<\/p>\t\t\t\t\t\t<\/div>\n\t\t\t\t<\/div>\n\t\t\t\t<div class=\"elementor-element elementor-element-c346a59 razzi-image-box-position--top elementor-widget elementor-widget-razzi-image-box\" data-id=\"c346a59\" data-element_type=\"widget\" data-widget_type=\"razzi-image-box.default\">\n\t\t\t\t<div class=\"elementor-widget-container\">\n\t\t\t<div class=\"razzi-image-box  razzi-image-box__icon-position--left\"> <div class=\"box-thumbnail\"><div class=\"box-zoom\"><img width=\"640\" height=\"537\" src=\"https:\/\/lisylisyart.com\/wp-content\/uploads\/2022\/03\/3.-Position-of-Subject-1024x859.png\" class=\"attachment-large size-large wp-image-12069\" alt=\"\" decoding=\"async\" loading=\"lazy\" srcset=\"https:\/\/lisylisyart.com\/wp-content\/uploads\/2022\/03\/3.-Position-of-Subject-1024x859.png 1024w, https:\/\/lisylisyart.com\/wp-content\/uploads\/2022\/03\/3.-Position-of-Subject-300x252.png 300w, https:\/\/lisylisyart.com\/wp-content\/uploads\/2022\/03\/3.-Position-of-Subject-768x644.png 768w, https:\/\/lisylisyart.com\/wp-content\/uploads\/2022\/03\/3.-Position-of-Subject-1536x1288.png 1536w, https:\/\/lisylisyart.com\/wp-content\/uploads\/2022\/03\/3.-Position-of-Subject-2048x1718.png 2048w, https:\/\/lisylisyart.com\/wp-content\/uploads\/2022\/03\/3.-Position-of-Subject-670x562.png 670w\" sizes=\"(max-width: 640px) 100vw, 640px\" \/><\/div> <\/div>  <\/div>\t\t<\/div>\n\t\t\t\t<\/div>\n\t\t\t\t\t<\/div>\n\t\t<\/div>\n\t\t\t\t<div class=\"elementor-column elementor-col-33 elementor-top-column elementor-element elementor-element-3863f40\" data-id=\"3863f40\" data-element_type=\"column\">\n\t\t\t<div class=\"elementor-widget-wrap\">\n\t\t\t\t\t\t\t\t\t<\/div>\n\t\t<\/div>\n\t\t\t\t\t\t\t<\/div>\n\t\t<\/section>\n\t\t\t\t<section class=\"elementor-section elementor-top-section elementor-element elementor-element-fdef36f elementor-section-boxed elementor-section-height-default elementor-section-height-default\" data-id=\"fdef36f\" data-element_type=\"section\">\n\t\t\t\t\t\t<div class=\"elementor-container elementor-column-gap-default\">\n\t\t\t\t\t<div class=\"elementor-column elementor-col-100 elementor-top-column elementor-element elementor-element-874017e\" data-id=\"874017e\" data-element_type=\"column\">\n\t\t\t<div class=\"elementor-widget-wrap\">\n\t\t\t\t\t\t\t\t\t<\/div>\n\t\t<\/div>\n\t\t\t\t\t\t\t<\/div>\n\t\t<\/section>\n\t\t\t\t\t\t\t<\/div>","protected":false},"excerpt":{"rendered":"<p>A good portrait starts with a good photo. Take a moment to review these guidelines to help you choose the best photo for your portrait. If you need photo advice, please email me at support@lisylisyart.com and I&#8217;ll help you choose the best photo. 1. LIGHTING Avoid photos that are heavily filtered, low quality and don&#8217;t [&hellip;]<\/p>","protected":false},"author":1,"featured_media":0,"parent":0,"menu_order":0,"comment_status":"closed","ping_status":"closed","template":"","meta":[],"_links":{"self":[{"href":"https:\/\/lisylisyart.com\/fr\/wp-json\/wp\/v2\/pages\/6806"}],"collection":[{"href":"https:\/\/lisylisyart.com\/fr\/wp-json\/wp\/v2\/pages"}],"about":[{"href":"https:\/\/lisylisyart.com\/fr\/wp-json\/wp\/v2\/types\/page"}],"author":[{"embeddable":true,"href":"https:\/\/lisylisyart.com\/fr\/wp-json\/wp\/v2\/users\/1"}],"replies":[{"embeddable":true,"href":"https:\/\/lisylisyart.com\/fr\/wp-json\/wp\/v2\/comments?post=6806"}],"version-history":[{"count":23,"href":"https:\/\/lisylisyart.com\/fr\/wp-json\/wp\/v2\/pages\/6806\/revisions"}],"predecessor-version":[{"id":12092,"href":"https:\/\/lisylisyart.com\/fr\/wp-json\/wp\/v2\/pages\/6806\/revisions\/12092"}],"wp:attachment":[{"href":"https:\/\/lisylisyart.com\/fr\/wp-json\/wp\/v2\/media?parent=6806"}],"curies":[{"name":"wp","href":"https:\/\/api.w.org\/{rel}","templated":true}]}}