{"id":546,"date":"2020-10-13T02:48:45","date_gmt":"2020-10-13T02:48:45","guid":{"rendered":"http:\/\/localhost\/razzi\/?page_id=546"},"modified":"2022-08-27T22:09:58","modified_gmt":"2022-08-27T22:09:58","slug":"shipping-returns","status":"publish","type":"page","link":"https:\/\/lisylisyart.com\/fr\/shipping-returns\/","title":{"rendered":"Livraison &amp; Retours"},"content":{"rendered":"<div data-elementor-type=\"wp-page\" data-elementor-id=\"546\" class=\"elementor elementor-546\">\n\t\t\t\t\t\t\t\t\t<section class=\"elementor-section elementor-top-section elementor-element elementor-element-d5bbbbe elementor-section-boxed elementor-section-height-default elementor-section-height-default\" data-id=\"d5bbbbe\" data-element_type=\"section\">\n\t\t\t\t\t\t<div class=\"elementor-container elementor-column-gap-extended\">\n\t\t\t\t\t<div class=\"elementor-column elementor-col-33 elementor-top-column elementor-element elementor-element-194966c\" data-id=\"194966c\" data-element_type=\"column\">\n\t\t\t<div class=\"elementor-widget-wrap\">\n\t\t\t\t\t\t\t\t\t<\/div>\n\t\t<\/div>\n\t\t\t\t<div class=\"elementor-column elementor-col-33 elementor-top-column elementor-element elementor-element-a8f22a2\" data-id=\"a8f22a2\" data-element_type=\"column\" data-settings=\"{&quot;background_background&quot;:&quot;classic&quot;}\">\n\t\t\t<div class=\"elementor-widget-wrap elementor-element-populated\">\n\t\t\t\t\t\t\t\t<div class=\"elementor-element elementor-element-4d6925f elementor-widget elementor-widget-text-editor\" data-id=\"4d6925f\" data-element_type=\"widget\" data-widget_type=\"text-editor.default\">\n\t\t\t\t<div class=\"elementor-widget-container\">\n\t\t\t<style>\/*! elementor - v3.13.2 - 11-05-2023 *\/\n.elementor-widget-text-editor.elementor-drop-cap-view-stacked .elementor-drop-cap{background-color:#69727d;color:#fff}.elementor-widget-text-editor.elementor-drop-cap-view-framed .elementor-drop-cap{color:#69727d;border:3px solid;background-color:transparent}.elementor-widget-text-editor:not(.elementor-drop-cap-view-default) .elementor-drop-cap{margin-top:8px}.elementor-widget-text-editor:not(.elementor-drop-cap-view-default) .elementor-drop-cap-letter{width:1em;height:1em}.elementor-widget-text-editor .elementor-drop-cap{float:left;text-align:center;line-height:1;font-size:50px}.elementor-widget-text-editor .elementor-drop-cap-letter{display:inline-block}<\/style>\t\t\t\t<p>J'exp\u00e9die vos \u0153uvres d'art avec un imprimeur partenaire fiable pour m'assurer que vos cr\u00e9ations arrivent en toute s\u00e9curit\u00e9 chez vous. Les commandes de cadeaux peuvent \u00eatre livr\u00e9es directement \u00e0 l'adresse de votre famille ou vos amis.<\/p><p>Votre \u0153uvre d'art peul \u00eatre livr\u00e9 au Canada, aux Etats-Unis et en Europe.<\/p>\t\t\t\t\t\t<\/div>\n\t\t\t\t<\/div>\n\t\t\t\t<div class=\"elementor-element elementor-element-1f8fd0e elementor-widget elementor-widget-heading\" data-id=\"1f8fd0e\" data-element_type=\"widget\" data-widget_type=\"heading.default\">\n\t\t\t\t<div class=\"elementor-widget-container\">\n\t\t\t<style>\/*! elementor - v3.13.2 - 11-05-2023 *\/\n.elementor-heading-title{padding:0;margin:0;line-height:1}.elementor-widget-heading .elementor-heading-title[class*=elementor-size-]>a{color:inherit;font-size:inherit;line-height:inherit}.elementor-widget-heading .elementor-heading-title.elementor-size-small{font-size:15px}.elementor-widget-heading .elementor-heading-title.elementor-size-medium{font-size:19px}.elementor-widget-heading .elementor-heading-title.elementor-size-large{font-size:29px}.elementor-widget-heading .elementor-heading-title.elementor-size-xl{font-size:39px}.elementor-widget-heading .elementor-heading-title.elementor-size-xxl{font-size:59px}<\/style><h4 class=\"elementor-heading-title elementor-size-default\"><p style=\"margin: 0cm; font-size: 12pt; font-family: &quot;Times New Roman&quot;, serif; color: rgb(0, 0, 0); white-space: normal;\"><span style=\"color: rgb(17, 17, 17); font-family: Jost, sans-serif; font-size: 24px; white-space: pre-wrap;\">EUROPE<\/span><span style=\"color: rgb(17, 17, 17); font-family: Jost, sans-serif; font-size: 24px; white-space: pre-wrap;\"><\/span><\/p><\/h4>\t\t<\/div>\n\t\t\t\t<\/div>\n\t\t\t\t<div class=\"elementor-element elementor-element-6a9309e elementor-widget elementor-widget-text-editor\" data-id=\"6a9309e\" data-element_type=\"widget\" data-widget_type=\"text-editor.default\">\n\t\t\t\t<div class=\"elementor-widget-container\">\n\t\t\t\t\t\t\t<p>L'Autriche, Belgique, France, Allemagne, Italie, Luxembourg, Pays-Bas, Portugal, Espagne, Royaume-Uni.<\/p>\t\t\t\t\t\t<\/div>\n\t\t\t\t<\/div>\n\t\t\t\t<div class=\"elementor-element elementor-element-71821c1 elementor-widget elementor-widget-text-editor\" data-id=\"71821c1\" data-element_type=\"widget\" data-widget_type=\"text-editor.default\">\n\t\t\t\t<div class=\"elementor-widget-container\">\n\t\t\t\t\t\t\t<table class=\"large-padding\"><thead><tr><th>PAYS<\/th><th>FRAIS DE LIVRAISON<\/th><\/tr><\/thead><tbody><tr><td style=\"text-align: center;\" colspan=\"3\"><strong>AMERIQUE DU NORD<\/strong><\/td><\/tr><tr><th>Canada<\/th><td>GRATUIT<\/td><\/tr><tr><th>Les \u00c9tats-Unis (sauf Alaska, Hawa\u00ef, les \u00eeles Vierges et Porto Rico)<\/th><td>$CAD 12.20<\/td><\/tr><tr><td style=\"text-align: center;\" colspan=\"3\"><strong>EUROPE<\/strong><\/td><\/tr><tr><th>Autriche<\/th><td>$CAD 17.30<\/td><\/tr><tr><th>Belgique<\/th><td>$CAD 17.30<\/td><\/tr><tr><th>France<\/th><td>$CAD 17.30<\/td><\/tr><tr><th>Allemagne<\/th><td>$CAD 17.30<\/td><\/tr><tr><th>Italie<\/th><td>$CAD 17.30<\/td><\/tr><tr><th>Luxembourg<\/th><td>$CAD 17.30<\/td><\/tr><tr><th>Les Pays-Bas<\/th><td>$CAD 17.30<\/td><\/tr><tr><th>Portugal<\/th><td>$CAD 17.30<\/td><\/tr><tr><th>Espagne<\/th><td>$CAD 17.30<\/td><\/tr><tr><th>Royaume-Uni<\/th><td>$CAD 14.30<\/td><\/tr><\/tbody><\/table>\t\t\t\t\t\t<\/div>\n\t\t\t\t<\/div>\n\t\t\t\t<div class=\"elementor-element elementor-element-d9a3525 elementor-widget elementor-widget-heading\" data-id=\"d9a3525\" data-element_type=\"widget\" data-widget_type=\"heading.default\">\n\t\t\t\t<div class=\"elementor-widget-container\">\n\t\t\t<h4 class=\"elementor-heading-title elementor-size-default\">NOTES<\/h4>\t\t<\/div>\n\t\t\t\t<\/div>\n\t\t\t\t<div class=\"elementor-element elementor-element-76fdf11 elementor-widget elementor-widget-text-editor\" data-id=\"76fdf11\" data-element_type=\"widget\" data-widget_type=\"text-editor.default\">\n\t\t\t\t<div class=\"elementor-widget-container\">\n\t\t\t\t\t\t\t<p><em>Les frais d'exp\u00e9dition s'appliquent pour foute la commande \u00e0 la m\u00eame adresse, quelle que soit la taille de la commande, et varie en fonction du pays de destination.<\/em><br \/><em>Les pays r\u00e9pertori\u00e9s sont susceptibles d'\u00eatre modifi\u00e9s \u00e0 fout moment.<\/em><\/p>\t\t\t\t\t\t<\/div>\n\t\t\t\t<\/div>\n\t\t\t\t<div class=\"elementor-element elementor-element-263fd7c elementor-widget elementor-widget-heading\" data-id=\"263fd7c\" data-element_type=\"widget\" data-widget_type=\"heading.default\">\n\t\t\t\t<div class=\"elementor-widget-container\">\n\t\t\t<h5 class=\"elementor-heading-title elementor-size-default\">D\u00e9lai de livraison<\/h5>\t\t<\/div>\n\t\t\t\t<\/div>\n\t\t\t\t<div class=\"elementor-element elementor-element-dfc42b5 elementor-widget elementor-widget-text-editor\" data-id=\"dfc42b5\" data-element_type=\"widget\" data-widget_type=\"text-editor.default\">\n\t\t\t\t<div class=\"elementor-widget-container\">\n\t\t\t\t\t\t\t<p>7 \u00e0 12 jours ouvrables apr\u00e8s avoir approuv\u00e9 l'\u0153uvre d'art.<br>Les d\u00e9lais de livraison ne sont qu'une estimation g\u00e9n\u00e9rale. Des modifications et des demandes de portrait suppl\u00e9mentaires peuvent bien s\u00fbr prolonger celte estimation.<\/p>\n<p>Si vous n'avez pas re\u00e7u votre commande dans les 12 jours ouvrables, <strong>APR\u00c8S AVOIR APPROUV\u00c9<\/strong>l'illustration, veuillez me contacter pour m'en informer. Tous les articles perdus en transit seront bien s\u00fbr r\u00e9imprim\u00e9s et renvoy\u00e9s.<\/p>\t\t\t\t\t\t<\/div>\n\t\t\t\t<\/div>\n\t\t\t\t<div class=\"elementor-element elementor-element-d2d6baf elementor-widget elementor-widget-heading\" data-id=\"d2d6baf\" data-element_type=\"widget\" data-widget_type=\"heading.default\">\n\t\t\t\t<div class=\"elementor-widget-container\">\n\t\t\t<h4 class=\"elementor-heading-title elementor-size-default\">REMBOURSEMENT ET \u00c9CHANGE<\/h4>\t\t<\/div>\n\t\t\t\t<\/div>\n\t\t\t\t<div class=\"elementor-element elementor-element-f9dfc7a elementor-widget elementor-widget-heading\" data-id=\"f9dfc7a\" data-element_type=\"widget\" data-widget_type=\"heading.default\">\n\t\t\t\t<div class=\"elementor-widget-container\">\n\t\t\t<h5 class=\"elementor-heading-title elementor-size-default\">Politique de remboursement<\/h5>\t\t<\/div>\n\t\t\t\t<\/div>\n\t\t\t\t<div class=\"elementor-element elementor-element-46e78a7 elementor-widget elementor-widget-text-editor\" data-id=\"46e78a7\" data-element_type=\"widget\" data-widget_type=\"text-editor.default\">\n\t\t\t\t<div class=\"elementor-widget-container\">\n\t\t\t\t\t\t\t<p>Puisque tous les portraits que je cr\u00e9e sont uniques et cr\u00e9\u00e9s sur mesure rien que pour vous, <strong>il n'y a aucun remboursement ou \u00e9change<\/strong>, sauf si l'article a \u00e9t\u00e9 endommag\u00e9 pendant le transport.<\/p><p>Je commencerai \u00e0 travailler sur votre portrait d\u00e8s que la commande sera pass\u00e9e.<br \/>Je ne suis pas en mesure d'offrir des remboursements pour les raisons suivantes :<\/p><p>\u2013 Vous changez d'avis apr\u00e8s avoir pass\u00e9 la commande<br \/>\u2013 Vous remplacez la photo en raison d'une insatisfaction avec l'illustration<\/p><p>Si vous n'\u00eates pas satisfait de vos d'illustrations num\u00e9riques, je propose des ajustements\/r\u00e9visions pour r\u00e9pondre \u00e0 vos attentes.<\/p>\t\t\t\t\t\t<\/div>\n\t\t\t\t<\/div>\n\t\t\t\t<div class=\"elementor-element elementor-element-88db908 elementor-widget elementor-widget-heading\" data-id=\"88db908\" data-element_type=\"widget\" data-widget_type=\"heading.default\">\n\t\t\t\t<div class=\"elementor-widget-container\">\n\t\t\t<h5 class=\"elementor-heading-title elementor-size-default\">\u00c9change d'articles endommag\u00e9s<\/h5>\t\t<\/div>\n\t\t\t\t<\/div>\n\t\t\t\t<div class=\"elementor-element elementor-element-7287c79 elementor-widget elementor-widget-text-editor\" data-id=\"7287c79\" data-element_type=\"widget\" data-widget_type=\"text-editor.default\">\n\t\t\t\t<div class=\"elementor-widget-container\">\n\t\t\t\t\t\t\t<ol><li>Veuillez m'informer par courriel dans les 3 jours suivant la r\u00e9ception des articles endommag\u00e9es.<\/li><li>Veuillez inclure des photos de l'article endommag\u00e9, de tous les emballages d'origine et toute information suppl\u00e9mentaire\nn\u00e9cessaire.<\/li><li>D\u00e8s la r\u00e9ception des \u00e9l\u00e9ments et informations ci-dessus, je serai heureuse de vous envoyer un article de remplacement.<\/li><\/ol>\t\t\t\t\t\t<\/div>\n\t\t\t\t<\/div>\n\t\t\t\t<div class=\"elementor-element elementor-element-95a8c7b elementor-widget elementor-widget-heading\" data-id=\"95a8c7b\" data-element_type=\"widget\" data-widget_type=\"heading.default\">\n\t\t\t\t<div class=\"elementor-widget-container\">\n\t\t\t<h5 class=\"elementor-heading-title elementor-size-default\">Notes sur les couleurs<\/h5>\t\t<\/div>\n\t\t\t\t<\/div>\n\t\t\t\t<div class=\"elementor-element elementor-element-10db681 elementor-widget elementor-widget-text-editor\" data-id=\"10db681\" data-element_type=\"widget\" data-widget_type=\"text-editor.default\">\n\t\t\t\t<div class=\"elementor-widget-container\">\n\t\t\t\t\t\t\t<p>Les couleurs peuvent varier en raison de la calibration couleur de l'\u00e9cran et d'autres facteurs d'\u00e9clairage, mais les photos sont aussi proches que possible de la couleur la plus vraie.<\/p>\t\t\t\t\t\t<\/div>\n\t\t\t\t<\/div>\n\t\t\t\t\t<\/div>\n\t\t<\/div>\n\t\t\t\t<div class=\"elementor-column elementor-col-33 elementor-top-column elementor-element elementor-element-43ee965\" data-id=\"43ee965\" data-element_type=\"column\">\n\t\t\t<div class=\"elementor-widget-wrap\">\n\t\t\t\t\t\t\t\t\t<\/div>\n\t\t<\/div>\n\t\t\t\t\t\t\t<\/div>\n\t\t<\/section>\n\t\t\t\t\t\t\t<\/div>","protected":false},"excerpt":{"rendered":"<p>I ship your artwork with reliable print shop partner to make sure your creations arrive safely at your home.\u00a0 Gift orders can be delivered straight to your family and friends. Your art can be delivered to Canada, USA and Europe. EUROPE Austria, Belgium, France, Germany, Italy, Luxembourg, Netherlands, Portugal, Spain, United Kingdom. COUNTRY SHIPPING COST [&hellip;]<\/p>","protected":false},"author":1,"featured_media":0,"parent":0,"menu_order":0,"comment_status":"closed","ping_status":"closed","template":"","meta":[],"_links":{"self":[{"href":"https:\/\/lisylisyart.com\/fr\/wp-json\/wp\/v2\/pages\/546"}],"collection":[{"href":"https:\/\/lisylisyart.com\/fr\/wp-json\/wp\/v2\/pages"}],"about":[{"href":"https:\/\/lisylisyart.com\/fr\/wp-json\/wp\/v2\/types\/page"}],"author":[{"embeddable":true,"href":"https:\/\/lisylisyart.com\/fr\/wp-json\/wp\/v2\/users\/1"}],"replies":[{"embeddable":true,"href":"https:\/\/lisylisyart.com\/fr\/wp-json\/wp\/v2\/comments?post=546"}],"version-history":[{"count":33,"href":"https:\/\/lisylisyart.com\/fr\/wp-json\/wp\/v2\/pages\/546\/revisions"}],"predecessor-version":[{"id":13027,"href":"https:\/\/lisylisyart.com\/fr\/wp-json\/wp\/v2\/pages\/546\/revisions\/13027"}],"wp:attachment":[{"href":"https:\/\/lisylisyart.com\/fr\/wp-json\/wp\/v2\/media?parent=546"}],"curies":[{"name":"wp","href":"https:\/\/api.w.org\/{rel}","templated":true}]}}